{"id":1112,"date":"2020-07-02T09:17:10","date_gmt":"2020-07-02T07:17:10","guid":{"rendered":"http:\/\/frapporti-barbers.com\/?page_id=1112"},"modified":"2022-05-06T22:43:54","modified_gmt":"2022-05-06T20:43:54","slug":"uvjeti-koristenja","status":"publish","type":"page","link":"https:\/\/frapporti-barbers.com\/en\/uvjeti-koristenja\/","title":{"rendered":"Terms and services"},"content":{"rendered":"<div data-elementor-type=\"wp-page\" data-elementor-id=\"1112\" class=\"elementor elementor-1112\">\n\t\t\t\t\t\t<section class=\"elementor-section elementor-top-section elementor-element elementor-element-eb20068 elementor-section-boxed elementor-section-height-default elementor-section-height-default\" data-id=\"eb20068\" data-element_type=\"section\" data-e-type=\"section\" data-settings=\"{&quot;background_background&quot;:&quot;classic&quot;}\">\n\t\t\t\t\t\t<div class=\"elementor-container elementor-column-gap-default\">\n\t\t\t\t\t<div class=\"elementor-column elementor-col-100 elementor-top-column elementor-element elementor-element-7a79f19\" data-id=\"7a79f19\" data-element_type=\"column\" data-e-type=\"column\">\n\t\t\t<div class=\"elementor-widget-wrap elementor-element-populated\">\n\t\t\t\t\t\t<div class=\"elementor-element elementor-element-560cf38 elementor-widget elementor-widget-heading\" data-id=\"560cf38\" data-element_type=\"widget\" data-e-type=\"widget\" data-widget_type=\"heading.default\">\n\t\t\t\t<div class=\"elementor-widget-container\">\n\t\t\t\t\t<h2 class=\"elementor-heading-title elementor-size-default\">Terms and services<\/h2>\t\t\t\t<\/div>\n\t\t\t\t<\/div>\n\t\t\t\t\t<\/div>\n\t\t<\/div>\n\t\t\t\t\t<\/div>\n\t\t<\/section>\n\t\t\t\t<section class=\"elementor-section elementor-top-section elementor-element elementor-element-1bd25a6 elementor-section-boxed elementor-section-height-default elementor-section-height-default\" data-id=\"1bd25a6\" data-element_type=\"section\" data-e-type=\"section\" data-settings=\"{&quot;background_background&quot;:&quot;classic&quot;}\">\n\t\t\t\t\t\t<div class=\"elementor-container elementor-column-gap-default\">\n\t\t\t\t\t<div class=\"elementor-column elementor-col-100 elementor-top-column elementor-element elementor-element-5ce3842\" data-id=\"5ce3842\" data-element_type=\"column\" data-e-type=\"column\">\n\t\t\t<div class=\"elementor-widget-wrap elementor-element-populated\">\n\t\t\t\t\t\t<div class=\"elementor-element elementor-element-02bbf88 elementor-widget elementor-widget-text-editor\" data-id=\"02bbf88\" data-element_type=\"widget\" data-e-type=\"widget\" data-widget_type=\"text-editor.default\">\n\t\t\t\t<div class=\"elementor-widget-container\">\n\t\t\t\t\t\t\t\t\t<p><strong>Uvjeti i odredbe<\/strong><\/p><p>Dobrodo\u0161li u Frapporti Vintage Barbers j.d.o.o.\u00a0!<\/p><p>Ovi uvjeti opisuju pravila i propise za upotrebu web mjesta Frapporti Vintage Barbers j.d.o.o.a\u00a0nalazi se na frapporti-barbers.com.<\/p><p>Pristupom na ovu web stranicu pretpostavljamo da prihva\u0107ate ove uvjete i odredbe.\u00a0Ne nastavljajte koristiti Frapporti Vintage Barbers j.d.o.o. web lokaciju\u00a0ako se ne sla\u017eete sa svim uvjetima i odredbama navedenim na ovoj stranici.<\/p><p>Sljede\u0107a terminologija odnosi se na ove Uvjete i odredbe, Izjavu o privatnosti i Izjava o odricanju odgovornosti i sve ugovore: \u201eKlijent\u201c, \u201eVi\u201c i \u201eVa\u0161\u201c odnosi se na vas, osobu koja se prijavljuje na ovoj web stranici i u skladu je s uvjetima i odredbama tvrtke. \u201cTvrtka\u201d, \u201cMi\u201d, \u201cMi\u201d, \u201cNa\u0161i\u201d i \u201cMi\u201d odnosi se na na\u0161u tvrtku. \u201cStranka\u201d, \u201cstranke\u201d ili \u201cnas\u201d odnosi se i na klijenta i na nas same. Svi se uvjeti odnose na ponudu, prihva\u0107anje i razmatranje pla\u0107anja neophodne kako bi se postupak na\u0161e pomo\u0107i Klijentu proveo na najprikladniji na\u010din izri\u010dito u svrhu ispunjavanja potreba Klijenta u pogledu pru\u017eanja navedenih usluga Dru\u0161tva, u skladu s i podlo\u017eno va\u017ee\u0107em zakonu Republike Hrvatske.<\/p><p><strong>Kola\u010di\u0107i<\/strong><\/p><p>Upotrebljavamo upotrebu kola\u010di\u0107a.\u00a0Pristupanjem Frapporti Vintage Barbers j.d.o.o..hr\u00a0pristali ste na kori\u0161tenje kola\u010di\u0107a u skladu s\u00a0Pravilima o privatnosti Frapporti Vintage Barbers j.d.o.o.<\/p><p>Ve\u0107ina interaktivnih web stranica koristi kola\u010di\u0107e kako bismo dobili podatke o korisniku za svaku posjetu.\u00a0Kola\u010di\u0107i se koriste na na\u0161oj web stranici kako bi se omogu\u0107ila funkcionalnost odre\u0111enih podru\u010dja kako bi se olak\u0161alo osobama koje posje\u0107uju na\u0161u web stranicu.\u00a0Neki od na\u0161ih partnera \/ ogla\u0161iva\u010da mogu tako\u0111er koristiti kola\u010di\u0107e.<\/p><p><strong>Licenca<\/strong><\/p><p>Ako nije druga\u010dije navedeno, Frapporti Vintage Barbers j.d.o.o.\u00a0i \/ ili njeni davatelji licenci posjeduju prava intelektualnog vlasni\u0161tva na svim materijalima na\u00a0Frapporti Vintage Barbers j.d.o.o..\u00a0Sva prava intelektualnog vlasni\u0161tva su zadr\u017eana.\u00a0Ovom pristupu mo\u017eete pristupiti iz Frapporti Vintage Barbers j.d.o.o.\u00a0za svoju osobnu upotrebu podvrgnut ograni\u010denjima navedenim u ovim uvjetima i odredbama.<\/p><p>Ne smijete:<\/p><ul><li>Ponovno objavite materijal iz Frapporti Vintage Barbers j.d.o.o..hr<\/li><li>Prodaja, iznajmljivanje ili podlicenciranje materijala iz Frapporti Vintage Barbers j.d.o.o..hr<\/li><li>Reproducirajte, duplicirajte ili kopirajte materijal iz Frapporti Vintage Barbers j.d.o.o..hr<\/li><li>Ponovno distribuirajte sadr\u017eaj iz Frapporti Vintage Barbers j.d.o.o..hr<\/li><\/ul><p>Dijelovi ove web stranice pru\u017eaju korisnicima mogu\u0107nost postavljanja i razmjene mi\u0161ljenja i informacija u odre\u0111enim dijelovima web mjesta. Frapporti Vintage Barbers j.d.o.o.\u00a0ne filtrira, ne ure\u0111uje, ne objavljuje i ne pregledava komentare prije njihove prisutnosti na web mjestu.\u00a0Komentari ne odra\u017eavaju stavove Frapporti Vintage Barbers j.d.o.o., njenih agenata i \/ ili podru\u017enica.\u00a0Komentari odra\u017eavaju stavove i mi\u0161ljenja osobe koja objavljuje svoje stavove i mi\u0161ljenja.\u00a0U mjeri dopu\u0161tenoj va\u017ee\u0107im zakonima, Frapporti Vintage Barbers j.d.o.o.\u00a0ne\u0107e biti odgovoran za komentare ili bilo kakvu odgovornost, \u0161tetu ili tro\u0161kove prouzro\u010dene i \/ ili pretrpljene kao posljedica bilo koje uporabe i \/ ili objavljivanja i \/ ili pojavljivanja komentara na ove web stranice.<\/p><p>Frapporti Vintage Barbers j.d.o.o. zadr\u017eava pravo nadzirati sve komentare i uklanjati komentare koji se mogu smatrati neprimjerenim, uvredljivim ili uzrokovati kr\u0161enje ovih Uvjeta i odredbi.<\/p><p>Vi jam\u010dite i izjavljujete da:<\/p><ul><li>Imate pravo na komentare objavljivati na na\u0161oj web stranici i imate sve potrebne licence i suglasnosti za to;<\/li><li>Komentari ne zadiru ni u kakvo pravo intelektualnog vlasni\u0161tva, uklju\u010duju\u0107i bez ograni\u010denja autorsko pravo, patent ili za\u0161titni znak bilo koje tre\u0107e strane;<\/li><li>Komentari ne sadr\u017ee nikakav klevetni\u010dki, uvredljiv, nepristojan ili na drugi na\u010din nezakonit materijal koji predstavlja naru\u0161avanje privatnosti<\/li><li>Komentari se ne\u0107e koristiti za tra\u017eenje ili promociju poslovnih ili prilago\u0111enih ili prikazivanje komercijalnih aktivnosti ili nezakonitih aktivnosti.<\/li><\/ul><p>Ovime dajete Frapporti Vintage Barbers j.d.o.o.u\u00a0neekskluzivno licencu za upotrebu, reprodukciju, ure\u0111ivanje i ovla\u0161tenje drugih za upotrebu, reprodukciju i ure\u0111ivanje bilo kojeg va\u0161eg komentara u bilo kojem obliku i obliku ili mediju.<\/p><p><strong>Hiperveza na na\u0161 sadr\u017eaj<\/strong><\/p><p>Sljede\u0107e organizacije mogu se povezati na na\u0161u web stranicu bez prethodnog pismenog odobrenja:<\/p><ul><li>Vladine agencije;<\/li><li>Tra\u017eilice;<\/li><li>Novinske organizacije;<\/li><li>Distributeri internetskih imenika mogu se povezati s na\u0161om web stranicom na isti na\u010din kao \u0161to hipervezuju na web stranice ostalih navedenih poduze\u0107a;\u00a0i<\/li><li>Akreditirana poduze\u0107a na cijelom sustavu, osim tra\u017eenja neprofitnih organizacija, trgova\u010dkih centara za dobrotvorne organizacije i grupacija za prikupljanje dobrotvornih fondova, koje mo\u017eda ne\u0107e hipervezati na na\u0161u web stranicu.<\/li><\/ul><p>Te se organizacije mogu povezivati s na\u0161om po\u010detnom stranicom, publikacijama ili drugim podacima na web mjestu sve dok veza: (a) ni na koji na\u010din nije varljiva;\u00a0(b) ne podrazumijeva la\u017eno sponzorstvo, odobravanje ili odobrenje stranke koja je povezuje i njenih proizvoda i \/ ili usluga;\u00a0i (c) uklapa se u kontekst web lokacije stranke koja ga povezuje.<\/p><p>Mo\u017eda \u0107emo razmotriti i odobriti druge zahtjeve za vezu od sljede\u0107ih vrsta organizacija:<\/p><ul><li>op\u0107e poznati izvori potro\u0161a\u010dkih i \/ ili poslovnih informacija;<\/li><li>web mjesta dot.com zajednice;<\/li><li>udruge ili druge grupe koje predstavljaju dobrotvorne organizacije;<\/li><li>mre\u017eni distributeri direktorija;<\/li><li>internetski portali;<\/li><li>ra\u010dunovodstvene, pravne i konzultantske tvrtke;\u00a0i<\/li><li>obrazovne ustanove i trgova\u010dka udru\u017eenja.<\/li><\/ul><p>Odobrit \u0107emo zahtjeve za povezivanje od tih organizacija ako odlu\u010dimo da: (a) veza nas ne bi \u010dinila nepovoljnijim prema nama samima ili prema na\u0161im akreditiranim tvrtkama;\u00a0(b) organizacija nema nikakvih negativnih zapisa kod nas;\u00a0(c) ako nam korist od vidljivosti hiperveze nadokna\u0111uje nepostojanje Frapporti Vintage Barbers j.d.o.o.\u00a0;\u00a0i (d) veza je u kontekstu op\u0107ih informacija o resursima.<\/p><p>Te se organizacije mogu povezivati s na\u0161om po\u010detnom stranicom sve dok veza: (a) ni na koji na\u010din nije varljiva;\u00a0(b) ne podrazumijeva la\u017eno sponzorstvo, odobravanje ili odobrenje stranke koja je povezuje i njenih proizvoda ili usluga;\u00a0i (c) uklapa se u kontekst web lokacije stranke koja ga povezuje.<\/p><p>Ako ste jedna od organizacija navedenih u prethodnom stavku i \u017eelite se povezati s na\u0161om web stranicom, morate nas obavijestiti slanjem e-po\u0161te na info@frapporti-barbers.com.\u00a0Uklju\u010dite svoje ime, ime organizacije, kontaktne podatke kao i URL svoje web stranice, popis svih URL-ova s kojih namjeravate povezati na\u0161u web stranicu i popis URL-ova na na\u0161oj web lokaciji na koje \u017eelite veza.\u00a0Pri\u010dekajte 2-3 tjedna za odgovor.<\/p><p>Odobrene organizacije mogu hipervezati na na\u0161u web stranicu kako slijedi:<\/p><ul><li>Kori\u0161tenjem na\u0161eg korporacijskog imena;\u00a0ili<\/li><li>Kori\u0161tenjem jedinstvenog lokatora resursa koji je povezan;\u00a0ili<\/li><li>Kori\u0161tenjem bilo kojeg drugog opisa na\u0161e web stranice koji je povezan s time ima smisla unutar konteksta i formata sadr\u017eaja na stranicama stranke koja ga povezuje.<\/li><\/ul><p>Nije dopu\u0161teno kori\u0161tenje\u00a0logotipa Frapporti Vintage Barbers j.d.o.o.\u00a0ili drugih umjetni\u010dkih djela radi povezivanja ako nema ugovora o licenci za za\u0161titni znak.<\/p><p><strong>Iframe<\/strong><\/p><p>Bez prethodnog odobrenja i pismenog odobrenja ne smijete stvarati okvire oko na\u0161ih web stranica koji na bilo koji na\u010din mijenjaju vizualnu prezentaciju ili izgled na\u0161e web stranice.<\/p><p><strong>Sadr\u017eajna odgovornost<\/strong><\/p><p>Ne\u0107emo biti odgovorni za bilo kakav sadr\u017eaj koji se pojavi na va\u0161oj web stranici.\u00a0Sla\u017eete se da \u0107ete nas za\u0161tititi i braniti od svih tvrdnji koje se pojavljuju na va\u0161oj web stranici.\u00a0Nijedna veza ne smije se pojavljivati na bilo kojoj web stranici koja se mo\u017ee tuma\u010diti kao klevetni\u010dka, opscena ili zlo\u010dina\u010dka ili koja kr\u0161i, na drugi na\u010din kr\u0161i ili zagovara kr\u0161enje ili drugo kr\u0161enje bilo kojih prava tre\u0107ih strana.<\/p><p><strong>Pridr\u017eavanje prava<\/strong><\/p><p>Pridr\u017eavamo pravo zahtijevati uklanjanje svih veza ili bilo kojih odre\u0111enih veza na na\u0161oj web stranici.\u00a0Prihva\u0107ate odmah ukloniti sve veze na na\u0161u web stranicu na zahtjev.\u00a0Tako\u0111er zadr\u017eavamo pravo izmjene ovih uvjeta i pravila u bilo kojem trenutku.\u00a0Stalnim povezivanjem na na\u0161u web stranicu, prihva\u0107ate da se obvezujete i slijedite ove povezne uvjete i odredbe.<\/p><p><strong>Uklanjanje veza s na\u0161e web stranice<\/strong><\/p><p>Ako na bilo kojoj web stranici prona\u0111ete bilo koji link koji je uvredljiv iz bilo kojeg razloga, slobodni ste u bilo kojem trenutku kontaktirati nas.\u00a0Razmotrit \u0107emo zahtjeve za uklanjanje veza, ali nismo obavezni na to ili tako odgovoriti.<\/p><p>Ne jam\u010dimo da su podaci na ovoj web stranici to\u010dni, ne jam\u010dimo za njihovu cjelovitost ili to\u010dnost;\u00a0niti obe\u0107avamo da \u0107emo osigurati da web stranica ostane dostupna ili da se materijal na web mjestu a\u017eurira.<\/p><p>Izjava o odricanju odgovornosti za Frapporti Vintage Barbers j.d.o.o.<\/p><p>Ako su vam potrebne dodatne informacije ili imate bilo kakva pitanja u vezi s odricanjem od odgovornosti na\u0161ih stranica, slobodno nas kontaktirajte putem e-maila na info@frapporti-barbers.com<\/p><p><strong>Izjava o odricanju odgovornosti za Frapporti Vintage Barbers j.d.o.o.<\/strong><\/p><p>Sve informacije na ovoj web stranici objavljuju se u dobroj namjeri i samo za op\u0107e informacije.Frapporti Vintage Barbers j.d.o.o. ne jam\u010di za potpunost, pouzdanost i to\u010dnost ovih podataka.\u00a0Svaka radnja koju poduzmete prema podacima koje prona\u0111ete na ovoj web stranici ( frapporti-barbers.com ) strogo je na vlastiti rizik. Frapporti Vintage Barbers j.d.o.o. Ne snosi odgovornost za gubitke i \/ ili \u0161tetu u vezi s kori\u0161tenjem na\u0161e web stranice.<\/p><p>S na\u0161e web stranice mo\u017eete posjetiti druge web stranice slijede\u0107i hiperveza na takve vanjske stranice.\u00a0Iako se trudimo pru\u017eiti samo kvalitetne veze na korisne i eti\u010dke web stranice, nemamo kontrolu nad sadr\u017eajem i prirodom ovih web mjesta.\u00a0Te veze na druge web stranice ne podrazumijevaju preporuku za sav sadr\u017eaj koji se nalazi na tim web mjestima.\u00a0Vlasnici web mjesta i sadr\u017eaj mogu se promijeniti bez prethodne najave i mogu se dogoditi prije nego \u0161to imamo priliku ukloniti vezu koja je mo\u017eda postala \u201clo\u0161a\u201d.<\/p><p>Imajte na umu i da kada napustite na\u0161u web stranicu, druge web stranice mogu imati druga\u010dija pravila o privatnosti i uvjete koji su izvan na\u0161eg nadzora.\u00a0Prije uklju\u010divanja u bilo koju tvrtku ili prijenosa bilo kakvih podataka provjerite pravila o privatnosti ovih web mjesta kao i njihove \u201cUvjete pru\u017eanja usluge\u201d.<\/p><p><strong>Pristanak<\/strong><\/p><p>Kori\u0161tenjem na\u0161e web stranice, prihva\u0107ate na\u0161e odricanje i prihva\u0107ate njegove uvjete.<\/p><p><strong>A\u017euriranje<\/strong><\/p><p>Ako a\u017euriramo, izmijenimo ili unesemo bilo kakve izmjene u ovaj dokument, te promjene bit \u0107e vidljivo objavljene ovdje.<\/p><p>\u00a0<\/p>\t\t\t\t\t\t\t\t<\/div>\n\t\t\t\t<\/div>\n\t\t\t\t\t<\/div>\n\t\t<\/div>\n\t\t\t\t\t<\/div>\n\t\t<\/section>\n\t\t\t\t<\/div>","protected":false},"excerpt":{"rendered":"<p>Uvjeti kori\u0161tenja Uvjeti i odredbe Dobrodo\u0161li u Frapporti Vintage Barbers j.d.o.o.\u00a0! Ovi uvjeti opisuju pravila i propise za upotrebu web mjesta Frapporti Vintage Barbers j.d.o.o.a\u00a0nalazi se na frapporti-barbers.com. Pristupom na ovu web stranicu pretpostavljamo da prihva\u0107ate ove uvjete i odredbe.\u00a0Ne nastavljajte koristiti Frapporti Vintage Barbers j.d.o.o. web lokaciju\u00a0ako se ne sla\u017eete sa svim uvjetima i<\/p>","protected":false},"author":1,"featured_media":0,"parent":0,"menu_order":0,"comment_status":"closed","ping_status":"closed","template":"","meta":{"footnotes":""},"class_list":["post-1112","page","type-page","status-publish","hentry"],"_links":{"self":[{"href":"https:\/\/frapporti-barbers.com\/en\/wp-json\/wp\/v2\/pages\/1112","targetHints":{"allow":["GET"]}}],"collection":[{"href":"https:\/\/frapporti-barbers.com\/en\/wp-json\/wp\/v2\/pages"}],"about":[{"href":"https:\/\/frapporti-barbers.com\/en\/wp-json\/wp\/v2\/types\/page"}],"author":[{"embeddable":true,"href":"https:\/\/frapporti-barbers.com\/en\/wp-json\/wp\/v2\/users\/1"}],"replies":[{"embeddable":true,"href":"https:\/\/frapporti-barbers.com\/en\/wp-json\/wp\/v2\/comments?post=1112"}],"version-history":[{"count":0,"href":"https:\/\/frapporti-barbers.com\/en\/wp-json\/wp\/v2\/pages\/1112\/revisions"}],"wp:attachment":[{"href":"https:\/\/frapporti-barbers.com\/en\/wp-json\/wp\/v2\/media?parent=1112"}],"curies":[{"name":"wp","href":"https:\/\/api.w.org\/{rel}","templated":true}]}}