{"id":1108,"date":"2020-07-02T09:09:03","date_gmt":"2020-07-02T07:09:03","guid":{"rendered":"http:\/\/frapporti-barbers.com\/?page_id=1108"},"modified":"2022-05-06T22:43:17","modified_gmt":"2022-05-06T20:43:17","slug":"pravila-privatnosti","status":"publish","type":"page","link":"https:\/\/frapporti-barbers.com\/en\/pravila-privatnosti\/","title":{"rendered":"Privacy policy"},"content":{"rendered":"<div data-elementor-type=\"wp-page\" data-elementor-id=\"1108\" class=\"elementor elementor-1108\">\n\t\t\t\t\t\t<section class=\"elementor-section elementor-top-section elementor-element elementor-element-bc64af7 elementor-section-boxed elementor-section-height-default elementor-section-height-default\" data-id=\"bc64af7\" data-element_type=\"section\" data-e-type=\"section\" data-settings=\"{&quot;background_background&quot;:&quot;classic&quot;}\">\n\t\t\t\t\t\t<div class=\"elementor-container elementor-column-gap-default\">\n\t\t\t\t\t<div class=\"elementor-column elementor-col-100 elementor-top-column elementor-element elementor-element-25879ab\" data-id=\"25879ab\" data-element_type=\"column\" data-e-type=\"column\">\n\t\t\t<div class=\"elementor-widget-wrap elementor-element-populated\">\n\t\t\t\t\t\t<div class=\"elementor-element elementor-element-9619a61 elementor-widget elementor-widget-heading\" data-id=\"9619a61\" data-element_type=\"widget\" data-e-type=\"widget\" data-widget_type=\"heading.default\">\n\t\t\t\t<div class=\"elementor-widget-container\">\n\t\t\t\t\t<h2 class=\"elementor-heading-title elementor-size-default\">Privacy policy<\/h2>\t\t\t\t<\/div>\n\t\t\t\t<\/div>\n\t\t\t\t\t<\/div>\n\t\t<\/div>\n\t\t\t\t\t<\/div>\n\t\t<\/section>\n\t\t\t\t<section class=\"elementor-section elementor-top-section elementor-element elementor-element-96272e4 elementor-section-boxed elementor-section-height-default elementor-section-height-default\" data-id=\"96272e4\" data-element_type=\"section\" data-e-type=\"section\" data-settings=\"{&quot;background_background&quot;:&quot;classic&quot;}\">\n\t\t\t\t\t\t<div class=\"elementor-container elementor-column-gap-default\">\n\t\t\t\t\t<div class=\"elementor-column elementor-col-100 elementor-top-column elementor-element elementor-element-0bd9221\" data-id=\"0bd9221\" data-element_type=\"column\" data-e-type=\"column\">\n\t\t\t<div class=\"elementor-widget-wrap elementor-element-populated\">\n\t\t\t\t\t\t<div class=\"elementor-element elementor-element-7ba96fc elementor-widget elementor-widget-text-editor\" data-id=\"7ba96fc\" data-element_type=\"widget\" data-e-type=\"widget\" data-widget_type=\"text-editor.default\">\n\t\t\t\t<div class=\"elementor-widget-container\">\n\t\t\t\t\t\t\t\t\t<p>Pravila o privatnosti za Frapporti Vintage Barbers j.d.o.o.<\/p><p>Na frapporti-barbers.com\u00a0\u00a0jedan od na\u0161ih glavnih prioriteta je privatnost na\u0161ih posjetitelja. Ovaj dokument o pravilima privatnosti sadr\u017ei vrste podataka koje prikuplja i bilje\u017ei.<\/p><p>Ako imate dodatna pitanja ili su vam potrebne dodatne informacije o na\u0161im Pravilima o privatnosti, ne ustru\u010davajte se kontaktirati nas putem e-maila na info@frapporti-barbers.com.<\/p><p>Ova se pravila o privatnosti odnose samo na na\u0161e mre\u017ene aktivnosti i vrijede za posjetitelje na\u0161e web stranice s obzirom na informacije koje su podijelili i \/ ili prikupljali u Frapporti Vintage Barbers j.d.o.o.\u00a0Ovo se pravilo ne odnosi na podatke prikupljene izvan mre\u017ee ili preko kanala koji nisu ove web stranice.<\/p><p><strong>Pristanak<\/strong><\/p><p>Kori\u0161tenjem na\u0161e web stranice, prihva\u0107ate na\u0161u politiku privatnosti i prihva\u0107ate njene uvjete.<\/p><p><strong>Informacije koje prikupljamo<\/strong><\/p><p>Osobni podaci koje ste tra\u017eili da pru\u017eite i razlozi za\u0161to vas od njih tra\u017ei da vam postanu jasni u trenutku kada od vas tra\u017eimo da navedete svoje osobne podatke.<\/p><p>Ako nas kontaktirate izravno, mo\u017eda \u0107emo dobiti dodatne informacije o vama, kao \u0161to su va\u0161e ime, adresa e-po\u0161te, telefonski broj, sadr\u017eaj poruke i \/ ili privitke koje nam mo\u017eete poslati i sve ostale podatke koje odlu\u010dite da nam date.<\/p><p>Kada se registrirate za ra\u010dun, mo\u017eemo tra\u017eiti va\u0161e kontaktne podatke, uklju\u010duju\u0107i stavke kao \u0161to su ime, naziv tvrtke, adresa, adresa e-po\u0161te i telefonski broj.<\/p><p><strong>Kako koristimo va\u0161e podatke<\/strong><\/p><p>Informacije koje prikupljamo koristimo na razli\u010dite na\u010dine, uklju\u010duju\u0107i:<\/p><ul><li>upravljajte i odr\u017eavajte na\u0161e web stranicu<\/li><li>Pobolj\u0161anje, personaliziranje i pro\u0161irivanje na\u0161e web stranicu<\/li><li>Shva\u010danje i analiziranje kako koristite na\u0161u web stranicu<\/li><li>Razvoj novih proizvoda, usluga, zna\u010dajki i funkcionalnosti<\/li><li>Komuniciranje s vama bilo izravno ili putem nekog od na\u0161ih partnera, uklju\u010duju\u0107i slu\u017ebu za korisnike, kako bismo vam pru\u017eili a\u017euriranja i druge informacije koje se odnose na web stranicu, kao i za marketin\u0161ke i promotivne svrhe<\/li><li>Slanje e-po\u0161te<\/li><\/ul><p><strong>Datoteke dnevnika<\/strong><\/p><p>Frapporti Vintage Barbers j.d.o.o. slijedi standardni postupak kori\u0161tenja datoteka dnevnika.\u00a0Ove datoteke evidentiraju posjetitelje kada posje\u0107uju web mjesta.\u00a0Sve hosting tvrtke rade to i dio su usluga analitike hostinga.\u00a0Podaci prikupljeni datotekama dnevnika uklju\u010duju adrese internetskog protokola (IP), vrstu preglednika, davatelja internetskih usluga (ISP), \u017eig datuma i vremena, stranice upu\u0107ivanja \/ izlaska i eventualni broj klikova.\u00a0Nisu povezane s bilo kojom informacijom koja se mo\u017ee osobno identificirati.\u00a0Svrha informacija je analiza trendova, administriranje web mjesta, pra\u0107enje kretanja korisnika na web mjestu i prikupljanje demografskih podataka.<\/p><p><strong>Kola\u010di\u0107i<\/strong><\/p><p>Kao i bilo koje druge web stranice, Frapporti Vintage Barbers j.d.o.o.\u00a0koristi \u201ckola\u010di\u0107e\u201d.\u00a0Ovi kola\u010di\u0107i koriste se za pohranjivanje podataka uklju\u010duju\u0107i preferencije posjetitelja i stranice na web mjestu kojima je posjetitelj pristupio ili posjetio.\u00a0Te se informacije koriste za optimiziranje korisni\u010dkog iskustva prilago\u0111avanjem sadr\u017eaja na\u0161ih web stranica na temelju vrste preglednika i \/ ili drugih podataka posjetitelja.<\/p><p><strong>Pravila o privatnosti za ogla\u0161ava\u010dke partnere<\/strong><\/p><p>Oglasni poslu\u017eitelji ili oglasne mre\u017ee tre\u0107ih strana koriste tehnologije poput kola\u010di\u0107a, JavaScripta ili Web Beacon koji se koriste u svojim oglasima i vezama koje se pojavljuju na Frapporti Vintage Barbers j.d.o.o., a koje se \u0161alju izravno na preglednik korisnika.\u00a0Oni automatski dobivaju va\u0161u IP adresu kada se to dogodi.\u00a0Te se tehnologije koriste za mjerenje u\u010dinkovitosti njihovih reklamnih kampanja i \/ ili za personaliziranje reklamnog sadr\u017eaja koji vidite na web stranicama koje posjetite.<\/p><p>Imajte na umu da Frapporti Vintage Barbers j.d.o.o. nema pristup ili nadzor nad ovim kola\u010di\u0107ima koje koriste ogla\u0161ava\u010di tre\u0107ih strana.<\/p><p><strong>Pravila o privatnosti tre\u0107ih strana<\/strong><\/p><p>Pravila o privatnosti Frapporti Vintage Barbers j.d.o.o. ne odnose se na ostale ogla\u0161ava\u010de ili web stranice.\u00a0Stoga vam savjetujemo da se za detaljnije informacije konzultirate s pravilima privatnosti ovih tre\u0107ih oglasa.\u00a0To mo\u017ee uklju\u010divati njihove prakse i upute o isklju\u010divanju odre\u0111enih opcija.\u00a0Kompletan popis ovih Pravila o privatnosti i njihove poveznice mo\u017eete prona\u0107i ovdje: Veze za politiku privatnosti.<\/p><p>Mo\u017eete onemogu\u0107iti kola\u010di\u0107e putem pojedina\u010dnih opcija preglednika.\u00a0Da biste saznali detaljnije informacije o upravljanju kola\u010di\u0107ima s odre\u0111enim web preglednicima, one se mogu prona\u0107i na odgovaraju\u0107im web lokacijama preglednika.\u00a0\u0160to su kola\u010di\u0107i?<\/p><p><strong>CCPA pravila o privatnosti (ne prodajemo va\u0161e\u00a0 osobne podatke)<\/strong><\/p><p>U skladu s CCPA-om, izme\u0111u ostalih prava, kalifornijski potro\u0161a\u010di imaju pravo na:<\/p><p>Zatra\u017eite da tvrtka koja prikuplja osobne podatke potro\u0161a\u010da otkriva kategorije i specifi\u010dne dijelove osobnih podataka koje je tvrtka prikupila o potro\u0161a\u010dima.<\/p><p>Zatra\u017eite da tvrtka izbri\u0161e sve osobne podatke o potro\u0161a\u010du koje je tvrtka prikupila.<\/p><p>Zatra\u017eite da tvrtka koja prodaje osobne podatke potro\u0161a\u010da, a ne da prodaje osobne podatke potro\u0161a\u010da.<\/p><p>Ako podnesete zahtjev, imamo vam mjesec dana da vam odgovorimo.\u00a0Ako \u017eelite iskoristiti bilo koje od ovih prava, obratite nam se.<\/p><p><strong>Pravila o privatnosti GDPR-a (Prava na za\u0161titu podataka)<\/strong><\/p><p>\u017deljeli bismo biti sigurni da ste potpuno svjesni svih svojih prava na za\u0161titu podataka.\u00a0Svaki korisnik ima pravo na sljede\u0107e:<\/p><p>Pravo na pristup \u2013 Imate pravo zatra\u017eiti kopije va\u0161ih osobnih podataka.\u00a0Mo\u017eemo vam naplatiti malu naknadu za ovu uslugu.<\/p><p>Pravo na ispravljanje \u2013 imate pravo zatra\u017eiti da ispravimo bilo koje podatke za koje smatrate da su neto\u010dni.\u00a0Tako\u0111er imate pravo tra\u017eiti da ispunimo podatke za koje smatrate da su nepotpuni.<\/p><p>Pravo na brisanje \u2013 Imate pravo tra\u017eiti brisanje va\u0161ih osobnih podataka, pod odre\u0111enim uvjetima.<\/p><p>Pravo na ograni\u010davanje obrade \u2013 Imate pravo tra\u017eiti da ograni\u010dimo obradu va\u0161ih osobnih podataka, pod odre\u0111enim uvjetima.<\/p><p>Pravo na prigovor na obradu \u2013 Imate pravo prigovora na na\u0161u obradu va\u0161ih osobnih podataka, pod odre\u0111enim uvjetima.<\/p><p>Pravo na prenosivost podataka \u2013 Imate pravo tra\u017eiti da podatke koje smo prikupili prenesemo drugoj organizaciji ili izravno vama, pod odre\u0111enim uvjetima.<\/p><p>Ako podnesete zahtjev, imamo vam mjesec dana da vam odgovorimo. Ako \u017eelite iskoristiti bilo koje od ovih prava, obratite nam se.<\/p><p>\u00a0<\/p>\t\t\t\t\t\t\t\t<\/div>\n\t\t\t\t<\/div>\n\t\t\t\t\t<\/div>\n\t\t<\/div>\n\t\t\t\t\t<\/div>\n\t\t<\/section>\n\t\t\t\t<\/div>","protected":false},"excerpt":{"rendered":"<p>Pravila privatnosti Pravila o privatnosti za Frapporti Vintage Barbers j.d.o.o. Na frapporti-barbers.com\u00a0\u00a0jedan od na\u0161ih glavnih prioriteta je privatnost na\u0161ih posjetitelja. Ovaj dokument o pravilima privatnosti sadr\u017ei vrste podataka koje prikuplja i bilje\u017ei. Ako imate dodatna pitanja ili su vam potrebne dodatne informacije o na\u0161im Pravilima o privatnosti, ne ustru\u010davajte se kontaktirati nas putem e-maila na<\/p>","protected":false},"author":1,"featured_media":0,"parent":0,"menu_order":0,"comment_status":"closed","ping_status":"closed","template":"elementor_header_footer","meta":{"footnotes":""},"class_list":["post-1108","page","type-page","status-publish","hentry"],"_links":{"self":[{"href":"https:\/\/frapporti-barbers.com\/en\/wp-json\/wp\/v2\/pages\/1108","targetHints":{"allow":["GET"]}}],"collection":[{"href":"https:\/\/frapporti-barbers.com\/en\/wp-json\/wp\/v2\/pages"}],"about":[{"href":"https:\/\/frapporti-barbers.com\/en\/wp-json\/wp\/v2\/types\/page"}],"author":[{"embeddable":true,"href":"https:\/\/frapporti-barbers.com\/en\/wp-json\/wp\/v2\/users\/1"}],"replies":[{"embeddable":true,"href":"https:\/\/frapporti-barbers.com\/en\/wp-json\/wp\/v2\/comments?post=1108"}],"version-history":[{"count":0,"href":"https:\/\/frapporti-barbers.com\/en\/wp-json\/wp\/v2\/pages\/1108\/revisions"}],"wp:attachment":[{"href":"https:\/\/frapporti-barbers.com\/en\/wp-json\/wp\/v2\/media?parent=1108"}],"curies":[{"name":"wp","href":"https:\/\/api.w.org\/{rel}","templated":true}]}}